{"id":61,"date":"2022-07-22T20:53:11","date_gmt":"2022-07-22T20:53:11","guid":{"rendered":"http:\/\/www.adexsys.com\/?page_id=61"},"modified":"2022-07-22T21:39:11","modified_gmt":"2022-07-22T21:39:11","slug":"a-propos","status":"publish","type":"page","link":"https:\/\/www.adexsys.com\/index.php\/a-propos\/","title":{"rendered":"A Propos"},"content":{"rendered":"\n<h1>ADEXSYS<\/h1>\n\n\n\n<p>ADEXSYS est une soci\u00e9t\u00e9 de conseil et de service informatique qui accompagne ces clients sur les diff\u00e9rents projets autour de l\u2019ERP SAP.<\/p>\n\n\n\n<p>&nbsp;Avec une forte valeur ajout\u00e9e, elle conseille et met en \u0153uvre son savoir-faire dans le domaine gr\u00e2ce \u00e0 ses collaborateurs form\u00e9s et certifi\u00e9s par l\u2019\u00e9diteur SAP, c&#8217;est ce qui permet aujourd&#8217;hui \u00e0 ADEXSYS d&#8217;assurer \u00e0 ses clients la parfaite ma\u00eetrise de leurs syst\u00e8mes d&#8217;informations.<\/p>\n\n\n\n<p>Ses offres s\u2019adressent aussi bien pour TPE, PME que pour les grands comptes sur des projets&nbsp;d\u2019envergure internationaux.<\/p>\n\n\n\n<h1>Offres de service<\/h1>\n\n\n\n<p>Aujourd\u2019hui ADEXSYS propose ces services qui sont axes sur deux principaux domaines&nbsp;:<\/p>\n\n\n\n<h1>Conseil &amp; Expertise&nbsp;:<\/h1>\n\n\n\n<p>Nos experts interviennent sur les diff\u00e9rents domaines tels que S\/4 HANA, BW, ECC, SRM, CRM, MDM, PORTAIL, Solution Manager et cela pour tout type des missions comme :<\/p>\n\n\n\n<ul><li>Architecture<\/li><li>Installation<\/li><li>Configuration<\/li><li>Migration<\/li><li>Upgrade<\/li><li>Administration et support technique.<\/li><\/ul>\n\n\n\n<h1>Gestion de projets&nbsp;:<\/h1>\n\n\n\n<p>Nous accompagnons nos clients durant tout le cycle de leurs projets par un savoir-faire comme&nbsp;:<\/p>\n\n\n\n<ul><li>D\u00e9finition et coordinations des projets<\/li><li>Pr\u00e9-\u00e9tude et cadrage des projets<\/li><li>Planification, suivi et pilotage op\u00e9rationnel<\/li><li>Reporting et documentation<\/li><li>Coordination des op\u00e9rations avec les diff\u00e9rentes parties prenantes du projet<\/li><li>Recettes des projets<\/li><\/ul>\n\n\n\n<p>Grace \u00e0 notre exp\u00e9rience, nous pouvons r\u00e9pondre aussi bien en mode r\u00e9gie qu\u2019en mode forfait sur l\u2019ensemble de vos sollicitations.<\/p>\n\n\n\n<p>Contactez notre service commercial pour une r\u00e9ponse rapide.<\/p>\n","protected":false},"excerpt":{"rendered":"<p>&nbsp;[&hellip;]<\/p>\n","protected":false},"author":1,"featured_media":0,"parent":0,"menu_order":0,"comment_status":"closed","ping_status":"closed","template":"","meta":[],"_links":{"self":[{"href":"https:\/\/www.adexsys.com\/index.php\/wp-json\/wp\/v2\/pages\/61"}],"collection":[{"href":"https:\/\/www.adexsys.com\/index.php\/wp-json\/wp\/v2\/pages"}],"about":[{"href":"https:\/\/www.adexsys.com\/index.php\/wp-json\/wp\/v2\/types\/page"}],"author":[{"embeddable":true,"href":"https:\/\/www.adexsys.com\/index.php\/wp-json\/wp\/v2\/users\/1"}],"replies":[{"embeddable":true,"href":"https:\/\/www.adexsys.com\/index.php\/wp-json\/wp\/v2\/comments?post=61"}],"version-history":[{"count":1,"href":"https:\/\/www.adexsys.com\/index.php\/wp-json\/wp\/v2\/pages\/61\/revisions"}],"predecessor-version":[{"id":63,"href":"https:\/\/www.adexsys.com\/index.php\/wp-json\/wp\/v2\/pages\/61\/revisions\/63"}],"wp:attachment":[{"href":"https:\/\/www.adexsys.com\/index.php\/wp-json\/wp\/v2\/media?parent=61"}],"curies":[{"name":"wp","href":"https:\/\/api.w.org\/{rel}","templated":true}]}}